{"id":359,"date":"2023-05-14T17:30:40","date_gmt":"2023-05-14T21:30:40","guid":{"rendered":"http:\/\/technologies.phytronix.com\/innovation\/"},"modified":"2024-02-13T15:29:22","modified_gmt":"2024-02-13T20:29:22","slug":"innovation","status":"publish","type":"page","link":"https:\/\/phytronix.com\/fr\/innovation\/","title":{"rendered":"Innovation"},"content":{"rendered":"","protected":false},"excerpt":{"rendered":"","protected":false},"author":3,"featured_media":0,"parent":0,"menu_order":0,"comment_status":"closed","ping_status":"closed","template":"innovation.php","meta":{"_acf_changed":false,"inline_featured_image":false,"_monsterinsights_skip_tracking":false,"_monsterinsights_sitenote_active":false,"_monsterinsights_sitenote_note":"","_monsterinsights_sitenote_category":0,"_breakdance_hide_in_design_set":false,"_breakdance_tags":"","footnotes":""},"class_list":["post-359","page","type-page","status-publish","hentry"],"acf":[],"yoast_head":"<!-- This site is optimized with the Yoast SEO plugin v27.0 - https:\/\/yoast.com\/product\/yoast-seo-wordpress\/ -->\n<title>Innovation au coeur des processus et technologie LDTD - Phytronix<\/title>\n<meta name=\"description\" content=\"L&#039;innovation guide Phytronix dans la r\u00e9flexion et le d\u00e9veloppement de m\u00e9thodes et de technologies en spectrom\u00e9trie de masse.\" \/>\n<meta name=\"robots\" content=\"index, follow, max-snippet:-1, max-image-preview:large, max-video-preview:-1\" \/>\n<link rel=\"canonical\" href=\"https:\/\/phytronix.com\/innovation\/\" \/>\n<meta property=\"og:locale\" content=\"fr_CA\" \/>\n<meta property=\"og:type\" content=\"article\" \/>\n<meta property=\"og:title\" content=\"Innovation au coeur des processus et technologie LDTD - Phytronix\" \/>\n<meta property=\"og:description\" content=\"L&#039;innovation guide Phytronix dans la r\u00e9flexion et le d\u00e9veloppement de m\u00e9thodes et de technologies en spectrom\u00e9trie de masse.\" \/>\n<meta property=\"og:url\" content=\"https:\/\/phytronix.com\/innovation\/\" \/>\n<meta property=\"og:site_name\" content=\"Phytronix\" \/>\n<meta property=\"article:modified_time\" content=\"2024-02-13T20:29:22+00:00\" \/>\n<meta property=\"og:image\" content=\"https:\/\/phytronix.com\/wp-content\/uploads\/2023\/09\/Image-121-1.jpg\" \/>\n\t<meta property=\"og:image:width\" content=\"1440\" \/>\n\t<meta property=\"og:image:height\" content=\"1080\" \/>\n\t<meta property=\"og:image:type\" content=\"image\/jpeg\" \/>\n<meta name=\"twitter:card\" content=\"summary_large_image\" \/>\n<meta name=\"twitter:title\" content=\"Innovation au coeur des processus et technologie LDTD - Phytronix\" \/>\n<meta name=\"twitter:description\" content=\"L&#039;innovation guide Phytronix dans la r\u00e9flexion et le d\u00e9veloppement de m\u00e9thodes et de technologies en spectrom\u00e9trie de masse.\" \/>\n<meta name=\"twitter:image\" content=\"https:\/\/phytronix.com\/wp-content\/uploads\/2023\/09\/Image-121-1.jpg\" \/>\n<script type=\"application\/ld+json\" class=\"yoast-schema-graph\">{\"@context\":\"https:\/\/schema.org\",\"@graph\":[{\"@type\":\"WebPage\",\"@id\":\"https:\/\/phytronix.com\/innovation\/\",\"url\":\"https:\/\/phytronix.com\/innovation\/\",\"name\":\"Innovation au coeur des processus et technologie LDTD - Phytronix\",\"isPartOf\":{\"@id\":\"https:\/\/phytronix.com\/#website\"},\"datePublished\":\"2023-05-14T21:30:40+00:00\",\"dateModified\":\"2024-02-13T20:29:22+00:00\",\"description\":\"L'innovation guide Phytronix dans la r\u00e9flexion et le d\u00e9veloppement de m\u00e9thodes et de technologies en spectrom\u00e9trie de masse.\",\"breadcrumb\":{\"@id\":\"https:\/\/phytronix.com\/innovation\/#breadcrumb\"},\"inLanguage\":\"fr-CA\",\"potentialAction\":[{\"@type\":\"ReadAction\",\"target\":[\"https:\/\/phytronix.com\/innovation\/\"]}]},{\"@type\":\"BreadcrumbList\",\"@id\":\"https:\/\/phytronix.com\/innovation\/#breadcrumb\",\"itemListElement\":[{\"@type\":\"ListItem\",\"position\":1,\"name\":\"Home\",\"item\":\"https:\/\/phytronix.com\/fr\/\"},{\"@type\":\"ListItem\",\"position\":2,\"name\":\"Innovation\"}]},{\"@type\":\"WebSite\",\"@id\":\"https:\/\/phytronix.com\/#website\",\"url\":\"https:\/\/phytronix.com\/\",\"name\":\"Phytronix\",\"description\":\"\",\"potentialAction\":[{\"@type\":\"SearchAction\",\"target\":{\"@type\":\"EntryPoint\",\"urlTemplate\":\"https:\/\/phytronix.com\/?s={search_term_string}\"},\"query-input\":{\"@type\":\"PropertyValueSpecification\",\"valueRequired\":true,\"valueName\":\"search_term_string\"}}],\"inLanguage\":\"fr-CA\"}]}<\/script>\n<!-- \/ Yoast SEO plugin. -->","yoast_head_json":{"title":"Innovation au coeur des processus et technologie LDTD - Phytronix","description":"L'innovation guide Phytronix dans la r\u00e9flexion et le d\u00e9veloppement de m\u00e9thodes et de technologies en spectrom\u00e9trie de masse.","robots":{"index":"index","follow":"follow","max-snippet":"max-snippet:-1","max-image-preview":"max-image-preview:large","max-video-preview":"max-video-preview:-1"},"canonical":"https:\/\/phytronix.com\/innovation\/","og_locale":"fr_CA","og_type":"article","og_title":"Innovation au coeur des processus et technologie LDTD - Phytronix","og_description":"L'innovation guide Phytronix dans la r\u00e9flexion et le d\u00e9veloppement de m\u00e9thodes et de technologies en spectrom\u00e9trie de masse.","og_url":"https:\/\/phytronix.com\/innovation\/","og_site_name":"Phytronix","article_modified_time":"2024-02-13T20:29:22+00:00","og_image":[{"width":1440,"height":1080,"url":"https:\/\/phytronix.com\/wp-content\/uploads\/2023\/09\/Image-121-1.jpg","type":"image\/jpeg"}],"twitter_card":"summary_large_image","twitter_title":"Innovation au coeur des processus et technologie LDTD - Phytronix","twitter_description":"L'innovation guide Phytronix dans la r\u00e9flexion et le d\u00e9veloppement de m\u00e9thodes et de technologies en spectrom\u00e9trie de masse.","twitter_image":"https:\/\/phytronix.com\/wp-content\/uploads\/2023\/09\/Image-121-1.jpg","schema":{"@context":"https:\/\/schema.org","@graph":[{"@type":"WebPage","@id":"https:\/\/phytronix.com\/innovation\/","url":"https:\/\/phytronix.com\/innovation\/","name":"Innovation au coeur des processus et technologie LDTD - Phytronix","isPartOf":{"@id":"https:\/\/phytronix.com\/#website"},"datePublished":"2023-05-14T21:30:40+00:00","dateModified":"2024-02-13T20:29:22+00:00","description":"L'innovation guide Phytronix dans la r\u00e9flexion et le d\u00e9veloppement de m\u00e9thodes et de technologies en spectrom\u00e9trie de masse.","breadcrumb":{"@id":"https:\/\/phytronix.com\/innovation\/#breadcrumb"},"inLanguage":"fr-CA","potentialAction":[{"@type":"ReadAction","target":["https:\/\/phytronix.com\/innovation\/"]}]},{"@type":"BreadcrumbList","@id":"https:\/\/phytronix.com\/innovation\/#breadcrumb","itemListElement":[{"@type":"ListItem","position":1,"name":"Home","item":"https:\/\/phytronix.com\/fr\/"},{"@type":"ListItem","position":2,"name":"Innovation"}]},{"@type":"WebSite","@id":"https:\/\/phytronix.com\/#website","url":"https:\/\/phytronix.com\/","name":"Phytronix","description":"","potentialAction":[{"@type":"SearchAction","target":{"@type":"EntryPoint","urlTemplate":"https:\/\/phytronix.com\/?s={search_term_string}"},"query-input":{"@type":"PropertyValueSpecification","valueRequired":true,"valueName":"search_term_string"}}],"inLanguage":"fr-CA"}]}},"_links":{"self":[{"href":"https:\/\/phytronix.com\/fr\/wp-json\/wp\/v2\/pages\/359","targetHints":{"allow":["GET"]}}],"collection":[{"href":"https:\/\/phytronix.com\/fr\/wp-json\/wp\/v2\/pages"}],"about":[{"href":"https:\/\/phytronix.com\/fr\/wp-json\/wp\/v2\/types\/page"}],"author":[{"embeddable":true,"href":"https:\/\/phytronix.com\/fr\/wp-json\/wp\/v2\/users\/3"}],"replies":[{"embeddable":true,"href":"https:\/\/phytronix.com\/fr\/wp-json\/wp\/v2\/comments?post=359"}],"version-history":[{"count":17,"href":"https:\/\/phytronix.com\/fr\/wp-json\/wp\/v2\/pages\/359\/revisions"}],"predecessor-version":[{"id":714,"href":"https:\/\/phytronix.com\/fr\/wp-json\/wp\/v2\/pages\/359\/revisions\/714"}],"wp:attachment":[{"href":"https:\/\/phytronix.com\/fr\/wp-json\/wp\/v2\/media?parent=359"}],"curies":[{"name":"wp","href":"https:\/\/api.w.org\/{rel}","templated":true}]}}