{"id":353,"date":"2023-05-14T17:38:11","date_gmt":"2023-05-14T21:38:11","guid":{"rendered":"http:\/\/technologies.phytronix.com\/azeo-liquid-handler\/"},"modified":"2024-02-13T14:56:32","modified_gmt":"2024-02-13T19:56:32","slug":"azeo-liquid-handler","status":"publish","type":"page","link":"https:\/\/phytronix.com\/fr\/azeo-liquid-handler\/","title":{"rendered":"Azeo Liquid Handler"},"content":{"rendered":"","protected":false},"excerpt":{"rendered":"","protected":false},"author":3,"featured_media":0,"parent":0,"menu_order":0,"comment_status":"closed","ping_status":"closed","template":"azeo.php","meta":{"_acf_changed":false,"inline_featured_image":false,"_monsterinsights_skip_tracking":false,"_monsterinsights_sitenote_active":false,"_monsterinsights_sitenote_note":"","_monsterinsights_sitenote_category":0,"_breakdance_hide_in_design_set":false,"_breakdance_tags":"","footnotes":""},"class_list":["post-353","page","type-page","status-publish","hentry"],"acf":[],"yoast_head":"<!-- This site is optimized with the Yoast SEO plugin v27.0 - https:\/\/yoast.com\/product\/yoast-seo-wordpress\/ -->\n<title>Azeo Liquid Handler et sa m\u00e9thodologie simple - Phytronix<\/title>\n<meta name=\"description\" content=\"Le Azeo Liquid Handler est un syst\u00e8me d&#039;\u00e9chantillonnage et de manipulation des liquides simple, con\u00e7u pour vos besoins en laboratoire.\" \/>\n<meta name=\"robots\" content=\"index, follow, max-snippet:-1, max-image-preview:large, max-video-preview:-1\" \/>\n<link rel=\"canonical\" href=\"https:\/\/phytronix.com\/azeo-liquid-handler\/\" \/>\n<meta property=\"og:locale\" content=\"fr_CA\" \/>\n<meta property=\"og:type\" content=\"article\" \/>\n<meta property=\"og:title\" content=\"Azeo Liquid Handler et sa m\u00e9thodologie simple - Phytronix\" \/>\n<meta property=\"og:description\" content=\"Le Azeo Liquid Handler est un syst\u00e8me d&#039;\u00e9chantillonnage et de manipulation des liquides simple, con\u00e7u pour vos besoins en laboratoire.\" \/>\n<meta property=\"og:url\" content=\"https:\/\/phytronix.com\/azeo-liquid-handler\/\" \/>\n<meta property=\"og:site_name\" content=\"Phytronix\" \/>\n<meta property=\"article:modified_time\" content=\"2024-02-13T19:56:32+00:00\" \/>\n<meta property=\"og:image\" content=\"https:\/\/phytronix.com\/wp-content\/uploads\/2023\/08\/main_azeo.png\" \/>\n\t<meta property=\"og:image:width\" content=\"632\" \/>\n\t<meta property=\"og:image:height\" content=\"689\" \/>\n\t<meta property=\"og:image:type\" content=\"image\/png\" \/>\n<meta name=\"twitter:card\" content=\"summary_large_image\" \/>\n<meta name=\"twitter:title\" content=\"Azeo Liquid Handler et sa m\u00e9thodologie simple - Phytronix\" \/>\n<meta name=\"twitter:description\" content=\"Le Azeo Liquid Handler est un syst\u00e8me d&#039;\u00e9chantillonnage et de manipulation des liquides simple, con\u00e7u pour vos besoins en laboratoire.\" \/>\n<meta name=\"twitter:image\" content=\"https:\/\/phytronix.com\/wp-content\/uploads\/2023\/08\/main_azeo.png\" \/>\n<script type=\"application\/ld+json\" class=\"yoast-schema-graph\">{\"@context\":\"https:\/\/schema.org\",\"@graph\":[{\"@type\":\"WebPage\",\"@id\":\"https:\/\/phytronix.com\/azeo-liquid-handler\/\",\"url\":\"https:\/\/phytronix.com\/azeo-liquid-handler\/\",\"name\":\"Azeo Liquid Handler et sa m\u00e9thodologie simple - Phytronix\",\"isPartOf\":{\"@id\":\"https:\/\/phytronix.com\/#website\"},\"datePublished\":\"2023-05-14T21:38:11+00:00\",\"dateModified\":\"2024-02-13T19:56:32+00:00\",\"description\":\"Le Azeo Liquid Handler est un syst\u00e8me d'\u00e9chantillonnage et de manipulation des liquides simple, con\u00e7u pour vos besoins en laboratoire.\",\"breadcrumb\":{\"@id\":\"https:\/\/phytronix.com\/azeo-liquid-handler\/#breadcrumb\"},\"inLanguage\":\"fr-CA\",\"potentialAction\":[{\"@type\":\"ReadAction\",\"target\":[\"https:\/\/phytronix.com\/azeo-liquid-handler\/\"]}]},{\"@type\":\"BreadcrumbList\",\"@id\":\"https:\/\/phytronix.com\/azeo-liquid-handler\/#breadcrumb\",\"itemListElement\":[{\"@type\":\"ListItem\",\"position\":1,\"name\":\"Home\",\"item\":\"https:\/\/phytronix.com\/fr\/\"},{\"@type\":\"ListItem\",\"position\":2,\"name\":\"Azeo Liquid Handler\"}]},{\"@type\":\"WebSite\",\"@id\":\"https:\/\/phytronix.com\/#website\",\"url\":\"https:\/\/phytronix.com\/\",\"name\":\"Phytronix\",\"description\":\"\",\"potentialAction\":[{\"@type\":\"SearchAction\",\"target\":{\"@type\":\"EntryPoint\",\"urlTemplate\":\"https:\/\/phytronix.com\/?s={search_term_string}\"},\"query-input\":{\"@type\":\"PropertyValueSpecification\",\"valueRequired\":true,\"valueName\":\"search_term_string\"}}],\"inLanguage\":\"fr-CA\"}]}<\/script>\n<!-- \/ Yoast SEO plugin. -->","yoast_head_json":{"title":"Azeo Liquid Handler et sa m\u00e9thodologie simple - Phytronix","description":"Le Azeo Liquid Handler est un syst\u00e8me d'\u00e9chantillonnage et de manipulation des liquides simple, con\u00e7u pour vos besoins en laboratoire.","robots":{"index":"index","follow":"follow","max-snippet":"max-snippet:-1","max-image-preview":"max-image-preview:large","max-video-preview":"max-video-preview:-1"},"canonical":"https:\/\/phytronix.com\/azeo-liquid-handler\/","og_locale":"fr_CA","og_type":"article","og_title":"Azeo Liquid Handler et sa m\u00e9thodologie simple - Phytronix","og_description":"Le Azeo Liquid Handler est un syst\u00e8me d'\u00e9chantillonnage et de manipulation des liquides simple, con\u00e7u pour vos besoins en laboratoire.","og_url":"https:\/\/phytronix.com\/azeo-liquid-handler\/","og_site_name":"Phytronix","article_modified_time":"2024-02-13T19:56:32+00:00","og_image":[{"width":632,"height":689,"url":"https:\/\/phytronix.com\/wp-content\/uploads\/2023\/08\/main_azeo.png","type":"image\/png"}],"twitter_card":"summary_large_image","twitter_title":"Azeo Liquid Handler et sa m\u00e9thodologie simple - Phytronix","twitter_description":"Le Azeo Liquid Handler est un syst\u00e8me d'\u00e9chantillonnage et de manipulation des liquides simple, con\u00e7u pour vos besoins en laboratoire.","twitter_image":"https:\/\/phytronix.com\/wp-content\/uploads\/2023\/08\/main_azeo.png","schema":{"@context":"https:\/\/schema.org","@graph":[{"@type":"WebPage","@id":"https:\/\/phytronix.com\/azeo-liquid-handler\/","url":"https:\/\/phytronix.com\/azeo-liquid-handler\/","name":"Azeo Liquid Handler et sa m\u00e9thodologie simple - Phytronix","isPartOf":{"@id":"https:\/\/phytronix.com\/#website"},"datePublished":"2023-05-14T21:38:11+00:00","dateModified":"2024-02-13T19:56:32+00:00","description":"Le Azeo Liquid Handler est un syst\u00e8me d'\u00e9chantillonnage et de manipulation des liquides simple, con\u00e7u pour vos besoins en laboratoire.","breadcrumb":{"@id":"https:\/\/phytronix.com\/azeo-liquid-handler\/#breadcrumb"},"inLanguage":"fr-CA","potentialAction":[{"@type":"ReadAction","target":["https:\/\/phytronix.com\/azeo-liquid-handler\/"]}]},{"@type":"BreadcrumbList","@id":"https:\/\/phytronix.com\/azeo-liquid-handler\/#breadcrumb","itemListElement":[{"@type":"ListItem","position":1,"name":"Home","item":"https:\/\/phytronix.com\/fr\/"},{"@type":"ListItem","position":2,"name":"Azeo Liquid Handler"}]},{"@type":"WebSite","@id":"https:\/\/phytronix.com\/#website","url":"https:\/\/phytronix.com\/","name":"Phytronix","description":"","potentialAction":[{"@type":"SearchAction","target":{"@type":"EntryPoint","urlTemplate":"https:\/\/phytronix.com\/?s={search_term_string}"},"query-input":{"@type":"PropertyValueSpecification","valueRequired":true,"valueName":"search_term_string"}}],"inLanguage":"fr-CA"}]}},"_links":{"self":[{"href":"https:\/\/phytronix.com\/fr\/wp-json\/wp\/v2\/pages\/353","targetHints":{"allow":["GET"]}}],"collection":[{"href":"https:\/\/phytronix.com\/fr\/wp-json\/wp\/v2\/pages"}],"about":[{"href":"https:\/\/phytronix.com\/fr\/wp-json\/wp\/v2\/types\/page"}],"author":[{"embeddable":true,"href":"https:\/\/phytronix.com\/fr\/wp-json\/wp\/v2\/users\/3"}],"replies":[{"embeddable":true,"href":"https:\/\/phytronix.com\/fr\/wp-json\/wp\/v2\/comments?post=353"}],"version-history":[{"count":13,"href":"https:\/\/phytronix.com\/fr\/wp-json\/wp\/v2\/pages\/353\/revisions"}],"predecessor-version":[{"id":597,"href":"https:\/\/phytronix.com\/fr\/wp-json\/wp\/v2\/pages\/353\/revisions\/597"}],"wp:attachment":[{"href":"https:\/\/phytronix.com\/fr\/wp-json\/wp\/v2\/media?parent=353"}],"curies":[{"name":"wp","href":"https:\/\/api.w.org\/{rel}","templated":true}]}}