{"id":345,"date":"2023-05-05T10:47:43","date_gmt":"2023-05-05T14:47:43","guid":{"rendered":"http:\/\/technologies.phytronix.com\/accueil\/"},"modified":"2024-02-13T14:43:45","modified_gmt":"2024-02-13T19:43:45","slug":"accueil","status":"publish","type":"page","link":"https:\/\/phytronix.com\/fr\/","title":{"rendered":"Accueil"},"content":{"rendered":"","protected":false},"excerpt":{"rendered":"","protected":false},"author":3,"featured_media":0,"parent":0,"menu_order":0,"comment_status":"closed","ping_status":"closed","template":"","meta":{"_acf_changed":false,"inline_featured_image":false,"_monsterinsights_skip_tracking":false,"_monsterinsights_sitenote_active":false,"_monsterinsights_sitenote_note":"","_monsterinsights_sitenote_category":0,"_breakdance_hide_in_design_set":false,"_breakdance_tags":"","footnotes":""},"class_list":["post-345","page","type-page","status-publish","hentry"],"acf":[],"yoast_head":"<!-- This site is optimized with the Yoast SEO plugin v27.0 - https:\/\/yoast.com\/product\/yoast-seo-wordpress\/ -->\n<title>Phytronix - Technologies disruptives<\/title>\n<meta name=\"description\" content=\"Phytronix est une entreprise sp\u00e9cialis\u00e9e en spectrom\u00e9trie de masse \u00e0 haute cadence et en instrumentation analytique et scientifique.\" \/>\n<meta name=\"robots\" content=\"index, follow, max-snippet:-1, max-image-preview:large, max-video-preview:-1\" \/>\n<link rel=\"canonical\" href=\"https:\/\/phytronix.com\/fr\/\" \/>\n<meta property=\"og:locale\" content=\"fr_CA\" \/>\n<meta property=\"og:type\" content=\"article\" \/>\n<meta property=\"og:title\" content=\"Phytronix - Technologies disruptives\" \/>\n<meta property=\"og:description\" content=\"Phytronix est une entreprise sp\u00e9cialis\u00e9e en spectrom\u00e9trie de masse \u00e0 haute cadence et en instrumentation analytique et scientifique.\" \/>\n<meta property=\"og:url\" content=\"https:\/\/phytronix.com\/fr\/\" \/>\n<meta property=\"og:site_name\" content=\"Phytronix\" \/>\n<meta property=\"article:modified_time\" content=\"2024-02-13T19:43:45+00:00\" \/>\n<meta property=\"og:image\" content=\"https:\/\/phytronix.com\/wp-content\/uploads\/2023\/08\/inno-rnd.jpg\" \/>\n\t<meta property=\"og:image:width\" content=\"960\" \/>\n\t<meta property=\"og:image:height\" content=\"874\" \/>\n\t<meta property=\"og:image:type\" content=\"image\/jpeg\" \/>\n<meta name=\"twitter:card\" content=\"summary_large_image\" \/>\n<meta name=\"twitter:title\" content=\"Phytronix - Technologies disruptives\" \/>\n<meta name=\"twitter:description\" content=\"Phytronix est une entreprise sp\u00e9cialis\u00e9e en spectrom\u00e9trie de masse \u00e0 haute cadence et en instrumentation analytique et scientifique.\" \/>\n<meta name=\"twitter:image\" content=\"https:\/\/phytronix.com\/wp-content\/uploads\/2023\/08\/inno-rnd.jpg\" \/>\n<script type=\"application\/ld+json\" class=\"yoast-schema-graph\">{\"@context\":\"https:\/\/schema.org\",\"@graph\":[{\"@type\":\"WebPage\",\"@id\":\"https:\/\/phytronix.com\/fr\/\",\"url\":\"https:\/\/phytronix.com\/fr\/\",\"name\":\"Phytronix - Technologies disruptives\",\"isPartOf\":{\"@id\":\"https:\/\/phytronix.com\/#website\"},\"datePublished\":\"2023-05-05T14:47:43+00:00\",\"dateModified\":\"2024-02-13T19:43:45+00:00\",\"description\":\"Phytronix est une entreprise sp\u00e9cialis\u00e9e en spectrom\u00e9trie de masse \u00e0 haute cadence et en instrumentation analytique et scientifique.\",\"breadcrumb\":{\"@id\":\"https:\/\/phytronix.com\/fr\/#breadcrumb\"},\"inLanguage\":\"fr-CA\",\"potentialAction\":[{\"@type\":\"ReadAction\",\"target\":[\"https:\/\/phytronix.com\/fr\/\"]}]},{\"@type\":\"BreadcrumbList\",\"@id\":\"https:\/\/phytronix.com\/fr\/#breadcrumb\",\"itemListElement\":[{\"@type\":\"ListItem\",\"position\":1,\"name\":\"Home\",\"item\":\"https:\/\/phytronix.com\/fr\/\"},{\"@type\":\"ListItem\",\"position\":2,\"name\":\"Accueil\"}]},{\"@type\":\"WebSite\",\"@id\":\"https:\/\/phytronix.com\/#website\",\"url\":\"https:\/\/phytronix.com\/\",\"name\":\"Phytronix\",\"description\":\"\",\"potentialAction\":[{\"@type\":\"SearchAction\",\"target\":{\"@type\":\"EntryPoint\",\"urlTemplate\":\"https:\/\/phytronix.com\/?s={search_term_string}\"},\"query-input\":{\"@type\":\"PropertyValueSpecification\",\"valueRequired\":true,\"valueName\":\"search_term_string\"}}],\"inLanguage\":\"fr-CA\"}]}<\/script>\n<!-- \/ Yoast SEO plugin. -->","yoast_head_json":{"title":"Phytronix - Technologies disruptives","description":"Phytronix est une entreprise sp\u00e9cialis\u00e9e en spectrom\u00e9trie de masse \u00e0 haute cadence et en instrumentation analytique et scientifique.","robots":{"index":"index","follow":"follow","max-snippet":"max-snippet:-1","max-image-preview":"max-image-preview:large","max-video-preview":"max-video-preview:-1"},"canonical":"https:\/\/phytronix.com\/fr\/","og_locale":"fr_CA","og_type":"article","og_title":"Phytronix - Technologies disruptives","og_description":"Phytronix est une entreprise sp\u00e9cialis\u00e9e en spectrom\u00e9trie de masse \u00e0 haute cadence et en instrumentation analytique et scientifique.","og_url":"https:\/\/phytronix.com\/fr\/","og_site_name":"Phytronix","article_modified_time":"2024-02-13T19:43:45+00:00","og_image":[{"width":960,"height":874,"url":"https:\/\/phytronix.com\/wp-content\/uploads\/2023\/08\/inno-rnd.jpg","type":"image\/jpeg"}],"twitter_card":"summary_large_image","twitter_title":"Phytronix - Technologies disruptives","twitter_description":"Phytronix est une entreprise sp\u00e9cialis\u00e9e en spectrom\u00e9trie de masse \u00e0 haute cadence et en instrumentation analytique et scientifique.","twitter_image":"https:\/\/phytronix.com\/wp-content\/uploads\/2023\/08\/inno-rnd.jpg","schema":{"@context":"https:\/\/schema.org","@graph":[{"@type":"WebPage","@id":"https:\/\/phytronix.com\/fr\/","url":"https:\/\/phytronix.com\/fr\/","name":"Phytronix - Technologies disruptives","isPartOf":{"@id":"https:\/\/phytronix.com\/#website"},"datePublished":"2023-05-05T14:47:43+00:00","dateModified":"2024-02-13T19:43:45+00:00","description":"Phytronix est une entreprise sp\u00e9cialis\u00e9e en spectrom\u00e9trie de masse \u00e0 haute cadence et en instrumentation analytique et scientifique.","breadcrumb":{"@id":"https:\/\/phytronix.com\/fr\/#breadcrumb"},"inLanguage":"fr-CA","potentialAction":[{"@type":"ReadAction","target":["https:\/\/phytronix.com\/fr\/"]}]},{"@type":"BreadcrumbList","@id":"https:\/\/phytronix.com\/fr\/#breadcrumb","itemListElement":[{"@type":"ListItem","position":1,"name":"Home","item":"https:\/\/phytronix.com\/fr\/"},{"@type":"ListItem","position":2,"name":"Accueil"}]},{"@type":"WebSite","@id":"https:\/\/phytronix.com\/#website","url":"https:\/\/phytronix.com\/","name":"Phytronix","description":"","potentialAction":[{"@type":"SearchAction","target":{"@type":"EntryPoint","urlTemplate":"https:\/\/phytronix.com\/?s={search_term_string}"},"query-input":{"@type":"PropertyValueSpecification","valueRequired":true,"valueName":"search_term_string"}}],"inLanguage":"fr-CA"}]}},"_links":{"self":[{"href":"https:\/\/phytronix.com\/fr\/wp-json\/wp\/v2\/pages\/345","targetHints":{"allow":["GET"]}}],"collection":[{"href":"https:\/\/phytronix.com\/fr\/wp-json\/wp\/v2\/pages"}],"about":[{"href":"https:\/\/phytronix.com\/fr\/wp-json\/wp\/v2\/types\/page"}],"author":[{"embeddable":true,"href":"https:\/\/phytronix.com\/fr\/wp-json\/wp\/v2\/users\/3"}],"replies":[{"embeddable":true,"href":"https:\/\/phytronix.com\/fr\/wp-json\/wp\/v2\/comments?post=345"}],"version-history":[{"count":13,"href":"https:\/\/phytronix.com\/fr\/wp-json\/wp\/v2\/pages\/345\/revisions"}],"predecessor-version":[{"id":1649,"href":"https:\/\/phytronix.com\/fr\/wp-json\/wp\/v2\/pages\/345\/revisions\/1649"}],"wp:attachment":[{"href":"https:\/\/phytronix.com\/fr\/wp-json\/wp\/v2\/media?parent=345"}],"curies":[{"name":"wp","href":"https:\/\/api.w.org\/{rel}","templated":true}]}}