{"id":2796,"date":"2024-05-27T15:01:57","date_gmt":"2024-05-27T19:01:57","guid":{"rendered":"https:\/\/phytronix.com\/?page_id=2796"},"modified":"2025-06-17T12:51:41","modified_gmt":"2025-06-17T16:51:41","slug":"axino-ion-source","status":"publish","type":"page","link":"https:\/\/phytronix.com\/fr\/axino-ion-source\/","title":{"rendered":"Axino Ion Source"},"content":{"rendered":"","protected":false},"excerpt":{"rendered":"","protected":false},"author":3,"featured_media":0,"parent":0,"menu_order":0,"comment_status":"closed","ping_status":"closed","template":"axino.php","meta":{"_acf_changed":false,"inline_featured_image":false,"_monsterinsights_skip_tracking":false,"_monsterinsights_sitenote_active":false,"_monsterinsights_sitenote_note":"","_monsterinsights_sitenote_category":0,"_breakdance_hide_in_design_set":false,"_breakdance_tags":"","footnotes":""},"class_list":["post-2796","page","type-page","status-publish","hentry"],"acf":[],"yoast_head":"<!-- This site is optimized with the Yoast SEO plugin v27.0 - https:\/\/yoast.com\/product\/yoast-seo-wordpress\/ -->\n<title>Axino Ion Source - Phytronix<\/title>\n<meta name=\"description\" content=\"Axino Ion Source est parfait pour analyser jusqu&#039;\u00e0 4 \u00e9chantillons en toxicologie, en m\u00e9decine l\u00e9gale, en environnement et en alimentation.\" \/>\n<meta name=\"robots\" content=\"index, follow, max-snippet:-1, max-image-preview:large, max-video-preview:-1\" \/>\n<link rel=\"canonical\" href=\"https:\/\/phytronix.com\/fr\/axino-ion-source\/\" \/>\n<meta property=\"og:locale\" content=\"fr_CA\" \/>\n<meta property=\"og:type\" content=\"article\" \/>\n<meta property=\"og:title\" content=\"Axino Ion Source - Phytronix\" \/>\n<meta property=\"og:description\" content=\"Axino Ion Source est parfait pour analyser jusqu&#039;\u00e0 4 \u00e9chantillons en toxicologie, en m\u00e9decine l\u00e9gale, en environnement et en alimentation.\" \/>\n<meta property=\"og:url\" content=\"https:\/\/phytronix.com\/fr\/axino-ion-source\/\" \/>\n<meta property=\"og:site_name\" content=\"Phytronix\" \/>\n<meta property=\"article:modified_time\" content=\"2025-06-17T16:51:41+00:00\" \/>\n<meta name=\"twitter:card\" content=\"summary_large_image\" \/>\n<script type=\"application\/ld+json\" class=\"yoast-schema-graph\">{\"@context\":\"https:\/\/schema.org\",\"@graph\":[{\"@type\":\"WebPage\",\"@id\":\"https:\/\/phytronix.com\/fr\/axino-ion-source\/\",\"url\":\"https:\/\/phytronix.com\/fr\/axino-ion-source\/\",\"name\":\"Axino Ion Source - Phytronix\",\"isPartOf\":{\"@id\":\"https:\/\/phytronix.com\/#website\"},\"datePublished\":\"2024-05-27T19:01:57+00:00\",\"dateModified\":\"2025-06-17T16:51:41+00:00\",\"description\":\"Axino Ion Source est parfait pour analyser jusqu'\u00e0 4 \u00e9chantillons en toxicologie, en m\u00e9decine l\u00e9gale, en environnement et en alimentation.\",\"breadcrumb\":{\"@id\":\"https:\/\/phytronix.com\/fr\/axino-ion-source\/#breadcrumb\"},\"inLanguage\":\"fr-CA\",\"potentialAction\":[{\"@type\":\"ReadAction\",\"target\":[\"https:\/\/phytronix.com\/fr\/axino-ion-source\/\"]}]},{\"@type\":\"BreadcrumbList\",\"@id\":\"https:\/\/phytronix.com\/fr\/axino-ion-source\/#breadcrumb\",\"itemListElement\":[{\"@type\":\"ListItem\",\"position\":1,\"name\":\"Home\",\"item\":\"https:\/\/phytronix.com\/fr\/\"},{\"@type\":\"ListItem\",\"position\":2,\"name\":\"Axino Ion Source\"}]},{\"@type\":\"WebSite\",\"@id\":\"https:\/\/phytronix.com\/#website\",\"url\":\"https:\/\/phytronix.com\/\",\"name\":\"Phytronix\",\"description\":\"\",\"potentialAction\":[{\"@type\":\"SearchAction\",\"target\":{\"@type\":\"EntryPoint\",\"urlTemplate\":\"https:\/\/phytronix.com\/?s={search_term_string}\"},\"query-input\":{\"@type\":\"PropertyValueSpecification\",\"valueRequired\":true,\"valueName\":\"search_term_string\"}}],\"inLanguage\":\"fr-CA\"}]}<\/script>\n<!-- \/ Yoast SEO plugin. -->","yoast_head_json":{"title":"Axino Ion Source - Phytronix","description":"Axino Ion Source est parfait pour analyser jusqu'\u00e0 4 \u00e9chantillons en toxicologie, en m\u00e9decine l\u00e9gale, en environnement et en alimentation.","robots":{"index":"index","follow":"follow","max-snippet":"max-snippet:-1","max-image-preview":"max-image-preview:large","max-video-preview":"max-video-preview:-1"},"canonical":"https:\/\/phytronix.com\/fr\/axino-ion-source\/","og_locale":"fr_CA","og_type":"article","og_title":"Axino Ion Source - Phytronix","og_description":"Axino Ion Source est parfait pour analyser jusqu'\u00e0 4 \u00e9chantillons en toxicologie, en m\u00e9decine l\u00e9gale, en environnement et en alimentation.","og_url":"https:\/\/phytronix.com\/fr\/axino-ion-source\/","og_site_name":"Phytronix","article_modified_time":"2025-06-17T16:51:41+00:00","twitter_card":"summary_large_image","schema":{"@context":"https:\/\/schema.org","@graph":[{"@type":"WebPage","@id":"https:\/\/phytronix.com\/fr\/axino-ion-source\/","url":"https:\/\/phytronix.com\/fr\/axino-ion-source\/","name":"Axino Ion Source - Phytronix","isPartOf":{"@id":"https:\/\/phytronix.com\/#website"},"datePublished":"2024-05-27T19:01:57+00:00","dateModified":"2025-06-17T16:51:41+00:00","description":"Axino Ion Source est parfait pour analyser jusqu'\u00e0 4 \u00e9chantillons en toxicologie, en m\u00e9decine l\u00e9gale, en environnement et en alimentation.","breadcrumb":{"@id":"https:\/\/phytronix.com\/fr\/axino-ion-source\/#breadcrumb"},"inLanguage":"fr-CA","potentialAction":[{"@type":"ReadAction","target":["https:\/\/phytronix.com\/fr\/axino-ion-source\/"]}]},{"@type":"BreadcrumbList","@id":"https:\/\/phytronix.com\/fr\/axino-ion-source\/#breadcrumb","itemListElement":[{"@type":"ListItem","position":1,"name":"Home","item":"https:\/\/phytronix.com\/fr\/"},{"@type":"ListItem","position":2,"name":"Axino Ion Source"}]},{"@type":"WebSite","@id":"https:\/\/phytronix.com\/#website","url":"https:\/\/phytronix.com\/","name":"Phytronix","description":"","potentialAction":[{"@type":"SearchAction","target":{"@type":"EntryPoint","urlTemplate":"https:\/\/phytronix.com\/?s={search_term_string}"},"query-input":{"@type":"PropertyValueSpecification","valueRequired":true,"valueName":"search_term_string"}}],"inLanguage":"fr-CA"}]}},"_links":{"self":[{"href":"https:\/\/phytronix.com\/fr\/wp-json\/wp\/v2\/pages\/2796","targetHints":{"allow":["GET"]}}],"collection":[{"href":"https:\/\/phytronix.com\/fr\/wp-json\/wp\/v2\/pages"}],"about":[{"href":"https:\/\/phytronix.com\/fr\/wp-json\/wp\/v2\/types\/page"}],"author":[{"embeddable":true,"href":"https:\/\/phytronix.com\/fr\/wp-json\/wp\/v2\/users\/3"}],"replies":[{"embeddable":true,"href":"https:\/\/phytronix.com\/fr\/wp-json\/wp\/v2\/comments?post=2796"}],"version-history":[{"count":3,"href":"https:\/\/phytronix.com\/fr\/wp-json\/wp\/v2\/pages\/2796\/revisions"}],"predecessor-version":[{"id":3339,"href":"https:\/\/phytronix.com\/fr\/wp-json\/wp\/v2\/pages\/2796\/revisions\/3339"}],"wp:attachment":[{"href":"https:\/\/phytronix.com\/fr\/wp-json\/wp\/v2\/media?parent=2796"}],"curies":[{"name":"wp","href":"https:\/\/api.w.org\/{rel}","templated":true}]}}