{"id":1050,"date":"2023-09-19T12:46:23","date_gmt":"2023-09-19T16:46:23","guid":{"rendered":"https:\/\/phytronix.com\/dev\/?page_id=1050"},"modified":"2024-02-13T15:13:43","modified_gmt":"2024-02-13T20:13:43","slug":"blogue","status":"publish","type":"page","link":"https:\/\/phytronix.com\/fr\/blogue\/","title":{"rendered":"Blogue"},"content":{"rendered":"","protected":false},"excerpt":{"rendered":"","protected":false},"author":3,"featured_media":0,"parent":0,"menu_order":0,"comment_status":"closed","ping_status":"closed","template":"blog.php","meta":{"_acf_changed":false,"inline_featured_image":false,"_monsterinsights_skip_tracking":false,"_monsterinsights_sitenote_active":false,"_monsterinsights_sitenote_note":"","_monsterinsights_sitenote_category":0,"_breakdance_hide_in_design_set":false,"_breakdance_tags":"","footnotes":""},"class_list":["post-1050","page","type-page","status-publish","hentry"],"acf":[],"yoast_head":"<!-- This site is optimized with the Yoast SEO plugin v27.0 - https:\/\/yoast.com\/product\/yoast-seo-wordpress\/ -->\n<title>Nouveaux articles et plus r\u00e9centes nouvelles - Phytronix<\/title>\n<meta name=\"description\" content=\"Le blogue Phytronix pr\u00e9sente les nouvelles de l&#039;organisation, ses connaissances scientifiques et ses r\u00e9centes mises \u00e0 jour technologiques.\" \/>\n<meta name=\"robots\" content=\"index, follow, max-snippet:-1, max-image-preview:large, max-video-preview:-1\" \/>\n<link rel=\"canonical\" href=\"https:\/\/phytronix.com\/blog\/\" \/>\n<meta property=\"og:locale\" content=\"fr_CA\" \/>\n<meta property=\"og:type\" content=\"article\" \/>\n<meta property=\"og:title\" content=\"Nouveaux articles et plus r\u00e9centes nouvelles - Phytronix\" \/>\n<meta property=\"og:description\" content=\"Le blogue Phytronix pr\u00e9sente les nouvelles de l&#039;organisation, ses connaissances scientifiques et ses r\u00e9centes mises \u00e0 jour technologiques.\" \/>\n<meta property=\"og:url\" content=\"https:\/\/phytronix.com\/blog\/\" \/>\n<meta property=\"og:site_name\" content=\"Phytronix\" \/>\n<meta property=\"article:modified_time\" content=\"2024-02-13T20:13:43+00:00\" \/>\n<meta property=\"og:image\" content=\"https:\/\/phytronix.com\/wp-content\/uploads\/2023\/09\/IMG_2120-Enhanced-NR-16-9-scaled.jpg\" \/>\n\t<meta property=\"og:image:width\" content=\"2560\" \/>\n\t<meta property=\"og:image:height\" content=\"1440\" \/>\n\t<meta property=\"og:image:type\" content=\"image\/jpeg\" \/>\n<meta name=\"twitter:card\" content=\"summary_large_image\" \/>\n<meta name=\"twitter:title\" content=\"Nouveaux articles et plus r\u00e9centes nouvelles - Phytronix\" \/>\n<meta name=\"twitter:description\" content=\"Le blogue Phytronix pr\u00e9sente les nouvelles de l&#039;organisation, ses connaissances scientifiques et ses r\u00e9centes mises \u00e0 jour technologiques.\" \/>\n<meta name=\"twitter:image\" content=\"https:\/\/phytronix.com\/wp-content\/uploads\/2023\/09\/IMG_2120-Enhanced-NR-16-9-scaled.jpg\" \/>\n<script type=\"application\/ld+json\" class=\"yoast-schema-graph\">{\"@context\":\"https:\/\/schema.org\",\"@graph\":[{\"@type\":\"WebPage\",\"@id\":\"https:\/\/phytronix.com\/blog\/\",\"url\":\"https:\/\/phytronix.com\/blog\/\",\"name\":\"Nouveaux articles et plus r\u00e9centes nouvelles - Phytronix\",\"isPartOf\":{\"@id\":\"https:\/\/phytronix.com\/#website\"},\"datePublished\":\"2023-09-19T16:46:23+00:00\",\"dateModified\":\"2024-02-13T20:13:43+00:00\",\"description\":\"Le blogue Phytronix pr\u00e9sente les nouvelles de l'organisation, ses connaissances scientifiques et ses r\u00e9centes mises \u00e0 jour technologiques.\",\"breadcrumb\":{\"@id\":\"https:\/\/phytronix.com\/blog\/#breadcrumb\"},\"inLanguage\":\"fr-CA\",\"potentialAction\":[{\"@type\":\"ReadAction\",\"target\":[\"https:\/\/phytronix.com\/blog\/\"]}]},{\"@type\":\"BreadcrumbList\",\"@id\":\"https:\/\/phytronix.com\/blog\/#breadcrumb\",\"itemListElement\":[{\"@type\":\"ListItem\",\"position\":1,\"name\":\"Home\",\"item\":\"https:\/\/phytronix.com\/fr\/\"},{\"@type\":\"ListItem\",\"position\":2,\"name\":\"Blogue\"}]},{\"@type\":\"WebSite\",\"@id\":\"https:\/\/phytronix.com\/#website\",\"url\":\"https:\/\/phytronix.com\/\",\"name\":\"Phytronix\",\"description\":\"\",\"potentialAction\":[{\"@type\":\"SearchAction\",\"target\":{\"@type\":\"EntryPoint\",\"urlTemplate\":\"https:\/\/phytronix.com\/?s={search_term_string}\"},\"query-input\":{\"@type\":\"PropertyValueSpecification\",\"valueRequired\":true,\"valueName\":\"search_term_string\"}}],\"inLanguage\":\"fr-CA\"}]}<\/script>\n<!-- \/ Yoast SEO plugin. -->","yoast_head_json":{"title":"Nouveaux articles et plus r\u00e9centes nouvelles - Phytronix","description":"Le blogue Phytronix pr\u00e9sente les nouvelles de l'organisation, ses connaissances scientifiques et ses r\u00e9centes mises \u00e0 jour technologiques.","robots":{"index":"index","follow":"follow","max-snippet":"max-snippet:-1","max-image-preview":"max-image-preview:large","max-video-preview":"max-video-preview:-1"},"canonical":"https:\/\/phytronix.com\/blog\/","og_locale":"fr_CA","og_type":"article","og_title":"Nouveaux articles et plus r\u00e9centes nouvelles - Phytronix","og_description":"Le blogue Phytronix pr\u00e9sente les nouvelles de l'organisation, ses connaissances scientifiques et ses r\u00e9centes mises \u00e0 jour technologiques.","og_url":"https:\/\/phytronix.com\/blog\/","og_site_name":"Phytronix","article_modified_time":"2024-02-13T20:13:43+00:00","og_image":[{"width":2560,"height":1440,"url":"https:\/\/phytronix.com\/wp-content\/uploads\/2023\/09\/IMG_2120-Enhanced-NR-16-9-scaled.jpg","type":"image\/jpeg"}],"twitter_card":"summary_large_image","twitter_title":"Nouveaux articles et plus r\u00e9centes nouvelles - Phytronix","twitter_description":"Le blogue Phytronix pr\u00e9sente les nouvelles de l'organisation, ses connaissances scientifiques et ses r\u00e9centes mises \u00e0 jour technologiques.","twitter_image":"https:\/\/phytronix.com\/wp-content\/uploads\/2023\/09\/IMG_2120-Enhanced-NR-16-9-scaled.jpg","schema":{"@context":"https:\/\/schema.org","@graph":[{"@type":"WebPage","@id":"https:\/\/phytronix.com\/blog\/","url":"https:\/\/phytronix.com\/blog\/","name":"Nouveaux articles et plus r\u00e9centes nouvelles - Phytronix","isPartOf":{"@id":"https:\/\/phytronix.com\/#website"},"datePublished":"2023-09-19T16:46:23+00:00","dateModified":"2024-02-13T20:13:43+00:00","description":"Le blogue Phytronix pr\u00e9sente les nouvelles de l'organisation, ses connaissances scientifiques et ses r\u00e9centes mises \u00e0 jour technologiques.","breadcrumb":{"@id":"https:\/\/phytronix.com\/blog\/#breadcrumb"},"inLanguage":"fr-CA","potentialAction":[{"@type":"ReadAction","target":["https:\/\/phytronix.com\/blog\/"]}]},{"@type":"BreadcrumbList","@id":"https:\/\/phytronix.com\/blog\/#breadcrumb","itemListElement":[{"@type":"ListItem","position":1,"name":"Home","item":"https:\/\/phytronix.com\/fr\/"},{"@type":"ListItem","position":2,"name":"Blogue"}]},{"@type":"WebSite","@id":"https:\/\/phytronix.com\/#website","url":"https:\/\/phytronix.com\/","name":"Phytronix","description":"","potentialAction":[{"@type":"SearchAction","target":{"@type":"EntryPoint","urlTemplate":"https:\/\/phytronix.com\/?s={search_term_string}"},"query-input":{"@type":"PropertyValueSpecification","valueRequired":true,"valueName":"search_term_string"}}],"inLanguage":"fr-CA"}]}},"_links":{"self":[{"href":"https:\/\/phytronix.com\/fr\/wp-json\/wp\/v2\/pages\/1050","targetHints":{"allow":["GET"]}}],"collection":[{"href":"https:\/\/phytronix.com\/fr\/wp-json\/wp\/v2\/pages"}],"about":[{"href":"https:\/\/phytronix.com\/fr\/wp-json\/wp\/v2\/types\/page"}],"author":[{"embeddable":true,"href":"https:\/\/phytronix.com\/fr\/wp-json\/wp\/v2\/users\/3"}],"replies":[{"embeddable":true,"href":"https:\/\/phytronix.com\/fr\/wp-json\/wp\/v2\/comments?post=1050"}],"version-history":[{"count":1,"href":"https:\/\/phytronix.com\/fr\/wp-json\/wp\/v2\/pages\/1050\/revisions"}],"predecessor-version":[{"id":1051,"href":"https:\/\/phytronix.com\/fr\/wp-json\/wp\/v2\/pages\/1050\/revisions\/1051"}],"wp:attachment":[{"href":"https:\/\/phytronix.com\/fr\/wp-json\/wp\/v2\/media?parent=1050"}],"curies":[{"name":"wp","href":"https:\/\/api.w.org\/{rel}","templated":true}]}}